{"id":104784,"date":"2025-02-04T13:12:27","date_gmt":"2025-02-04T13:12:27","guid":{"rendered":"https:\/\/store.evolve-fitness.eu\/?post_type=product&#038;p=104784"},"modified":"2025-03-27T07:54:46","modified_gmt":"2025-03-27T07:54:46","slug":"evolve-drabeformet-boksesaek-90-cm","status":"publish","type":"product","link":"https:\/\/store.evolve-fitness.eu\/da\/vare\/evolve-drabeformet-boksesaek-90-cm\/","title":{"rendered":"Evolve dr\u00e5beformet bokses\u00e6k 90 CM"},"content":{"rendered":"\n<section class=\"wp-block-group alignfull has-lightgray-background-color has-background is-layout-constrained wp-block-group-is-layout-constrained\">\n<div class=\"wp-block-columns alignwide is-layout-flex wp-container-core-columns-is-layout-2edb0647 wp-block-columns-is-layout-flex\" style=\"margin-top:0;margin-bottom:0\">\n<div class=\"wp-block-column is-layout-flow wp-block-column-is-layout-flow\" style=\"flex-basis:33.33%\"><\/div>\n\n\n\n<div class=\"wp-block-column is-layout-flow wp-block-column-is-layout-flow\" style=\"flex-basis:66.66%\"><\/div>\n<\/div>\n<\/section>\n","protected":false},"excerpt":{"rendered":"<p>Denne bokses\u00e6k er ideel til tr\u00e6ning af armb\u00f8jninger, kn\u00e6 og slag. Sands\u00e6kken er lavet af kunstl\u00e6der, et materiale, der er lige s\u00e5 fleksibelt, holdbart og smukt som \u00e6gte l\u00e6der. Bokses\u00e6kken er nem at h\u00e6nge op p\u00e5 metalkrogene. S\u00e6kken er fyldt med en blanding af tekstilfibre.<\/p>\n","protected":false},"featured_media":104807,"template":"","meta":{"_acf_changed":false,"inline_featured_image":false},"product_cat":[353,585,588],"product_tag":[],"class_list":{"0":"post-104784","1":"product","2":"type-product","3":"status-publish","4":"has-post-thumbnail","6":"product_cat-forside","7":"product_cat-tvaergaende-og-funktionel","8":"product_cat-funktionelt-udstyr","10":"first","11":"instock","12":"shipping-taxable","13":"purchasable","14":"product-type-simple"},"acf":[],"_links":{"self":[{"href":"https:\/\/store.evolve-fitness.eu\/da\/wp-json\/wp\/v2\/product\/104784","targetHints":{"allow":["GET"]}}],"collection":[{"href":"https:\/\/store.evolve-fitness.eu\/da\/wp-json\/wp\/v2\/product"}],"about":[{"href":"https:\/\/store.evolve-fitness.eu\/da\/wp-json\/wp\/v2\/types\/product"}],"wp:featuredmedia":[{"embeddable":true,"href":"https:\/\/store.evolve-fitness.eu\/da\/wp-json\/wp\/v2\/media\/104807"}],"wp:attachment":[{"href":"https:\/\/store.evolve-fitness.eu\/da\/wp-json\/wp\/v2\/media?parent=104784"}],"wp:term":[{"taxonomy":"product_cat","embeddable":true,"href":"https:\/\/store.evolve-fitness.eu\/da\/wp-json\/wp\/v2\/product_cat?post=104784"},{"taxonomy":"product_tag","embeddable":true,"href":"https:\/\/store.evolve-fitness.eu\/da\/wp-json\/wp\/v2\/product_tag?post=104784"}],"curies":[{"name":"wp","href":"https:\/\/api.w.org\/{rel}","templated":true}]}}