{"id":104734,"date":"2025-02-04T13:00:26","date_gmt":"2025-02-04T13:00:26","guid":{"rendered":"https:\/\/store.evolve-fitness.eu\/?post_type=product&#038;p=104734"},"modified":"2025-03-27T07:55:37","modified_gmt":"2025-03-27T07:55:37","slug":"evolve-anglebag-boksesaek-120-cm","status":"publish","type":"product","link":"https:\/\/store.evolve-fitness.eu\/da\/vare\/evolve-anglebag-boksesaek-120-cm\/","title":{"rendered":"Evolve Anglebag bokses\u00e6k 120 CM"},"content":{"rendered":"\n<section class=\"wp-block-group alignfull has-lightgray-background-color has-background is-layout-constrained wp-block-group-is-layout-constrained\">\n<div class=\"wp-block-columns alignwide is-layout-flex wp-container-core-columns-is-layout-2edb0647 wp-block-columns-is-layout-flex\" style=\"margin-top:0;margin-bottom:0\">\n<div class=\"wp-block-column is-layout-flow wp-block-column-is-layout-flow\" style=\"flex-basis:33.33%\"><\/div>\n\n\n\n<div class=\"wp-block-column is-layout-flow wp-block-column-is-layout-flow\" style=\"flex-basis:66.66%\"><\/div>\n<\/div>\n<\/section>\n","protected":false},"excerpt":{"rendered":"<p>Ydersiden af bokses\u00e6kken er lavet af kunstl\u00e6der af h\u00f8jeste kvalitet, og indersiden er fyldt med bl\u00f8dt tekstil, som g\u00f8r, at bokses\u00e6kken absorberer slag perfekt. Denne bokses\u00e6k giver dig mulighed for at tr\u00e6ne slag p\u00e5 alle m\u00e5der &#8211; b\u00e5de vinklede slag, lige slag og st\u00f8d. Bokses\u00e6kkens diameter er 45 cm i toppen og 25 cm i bunden. Ideel til brug i hjemmet eller i fitnesscentret.<\/p>\n","protected":false},"featured_media":104757,"template":"","meta":{"_acf_changed":false,"inline_featured_image":false},"product_cat":[353,585,588],"product_tag":[],"class_list":{"0":"post-104734","1":"product","2":"type-product","3":"status-publish","4":"has-post-thumbnail","6":"product_cat-forside","7":"product_cat-tvaergaende-og-funktionel","8":"product_cat-funktionelt-udstyr","10":"first","11":"outofstock","12":"shipping-taxable","13":"purchasable","14":"product-type-simple"},"acf":[],"_links":{"self":[{"href":"https:\/\/store.evolve-fitness.eu\/da\/wp-json\/wp\/v2\/product\/104734","targetHints":{"allow":["GET"]}}],"collection":[{"href":"https:\/\/store.evolve-fitness.eu\/da\/wp-json\/wp\/v2\/product"}],"about":[{"href":"https:\/\/store.evolve-fitness.eu\/da\/wp-json\/wp\/v2\/types\/product"}],"wp:featuredmedia":[{"embeddable":true,"href":"https:\/\/store.evolve-fitness.eu\/da\/wp-json\/wp\/v2\/media\/104757"}],"wp:attachment":[{"href":"https:\/\/store.evolve-fitness.eu\/da\/wp-json\/wp\/v2\/media?parent=104734"}],"wp:term":[{"taxonomy":"product_cat","embeddable":true,"href":"https:\/\/store.evolve-fitness.eu\/da\/wp-json\/wp\/v2\/product_cat?post=104734"},{"taxonomy":"product_tag","embeddable":true,"href":"https:\/\/store.evolve-fitness.eu\/da\/wp-json\/wp\/v2\/product_tag?post=104734"}],"curies":[{"name":"wp","href":"https:\/\/api.w.org\/{rel}","templated":true}]}}