{"id":102650,"date":"2025-01-21T12:22:02","date_gmt":"2025-01-21T12:22:02","guid":{"rendered":"https:\/\/store.evolve-fitness.eu\/?post_type=product&#038;p=102650"},"modified":"2026-03-30T12:00:52","modified_gmt":"2026-03-30T12:00:52","slug":"evolve-styrkeloftstang-220-cm-20-kg","status":"publish","type":"product","link":"https:\/\/store.evolve-fitness.eu\/da\/vare\/evolve-styrkeloftstang-220-cm-20-kg\/","title":{"rendered":"Evolve styrkel\u00f8ftstang &#8211; 220 cm \/ 20 kg"},"content":{"rendered":"\n<section class=\"wp-block-group alignfull black-content has-white-color has-darkgray-background-color has-text-color has-background is-layout-constrained wp-block-group-is-layout-constrained\" style=\"padding-top:var(--wp--preset--spacing--section-bottom);padding-bottom:var(--wp--preset--spacing--section-bottom)\">\n<h3 class=\"wp-block-heading has-text-align-center\" style=\"margin-bottom:var(--wp--preset--spacing--tb-section-padding)\">Teknisk kort<\/h3>\n\n\n\n<div class=\"wp-block-columns alignwide mobile-reverse is-layout-flex wp-container-core-columns-is-layout-ca64bf2d wp-block-columns-is-layout-flex\" style=\"margin-bottom:var(--wp--preset--spacing--side-padding)\">\n<div class=\"wp-block-column is-layout-flow wp-block-column-is-layout-flow\">\n<figure class=\"wp-block-image aligncenter size-large is-style-rounded\"><img decoding=\"async\" src=\"https:\/\/evolve-fitness.eu\/wp-content\/uploads\/2025\/01\/Evolve-Powerlifiting-Bar-spec-3-1024x683.jpg\" alt=\"EV-OB-PL-220\" class=\"wp-image-174067\"\/><\/figure>\n<\/div>\n<\/div>\n\n\n\n<div class=\"wp-block-columns alignwide mobile-reverse is-layout-flex wp-container-core-columns-is-layout-ca64bf2d wp-block-columns-is-layout-flex\" style=\"margin-bottom:var(--wp--preset--spacing--side-padding)\">\n<div class=\"wp-block-column is-vertically-aligned-center is-layout-flow wp-block-column-is-layout-flow\">\n<h3 class=\"wp-block-heading\" style=\"margin-bottom:var(--wp--preset--spacing--h-3-bottom)\"><strong><strong><strong><strong><strong><strong>H\u00f8j kvalitet<\/strong><\/strong><\/strong><\/strong><\/strong><\/strong><\/h3>\n\n\n\n<p><strong><em><strong><strong><strong><strong>Holdbart design<\/strong><\/strong><\/strong><\/strong><\/em><\/strong><\/p>\n\n\n\n<p style=\"margin-bottom:var(--wp--preset--spacing--tb-section-padding)\">Vores fitnessb\u00e6nke er bygget til at holde, med en solid metalramme konstrueret af svejsede cirkul\u00e6re r\u00f8r. Den avancerede elektrostatiske spr\u00f8jteteknologi med termoh\u00e6rdende pulver giver ikke kun overfladen et slankt udseende, men giver ogs\u00e5 fremragende rustbeskyttelse. Uanset om du tr\u00e6ner hjemme eller i et professionelt fitnesscenter, er vores Evolve-b\u00e6nke designet til at opfylde dine behov. De er ogs\u00e5 perfekte til kommercielle fitnessfaciliteter p\u00e5 milit\u00e6rbaser, hoteller, vandrehjem og rehabiliteringscentre.<\/p>\n\n\n\n<h3 class=\"wp-block-heading\" style=\"margin-bottom:var(--wp--preset--spacing--h-3-bottom)\"><strong><strong><strong><strong><strong><strong><strong><strong>Overlegen greb og kontrol<\/strong><\/strong><\/strong><\/strong><\/strong><\/strong><\/strong><\/strong><\/h3>\n\n\n\n<p><strong><em><strong><strong><strong><strong><strong>Rifling for \u00f8get stabilitet<\/strong><\/strong><\/strong><\/strong><\/strong><\/em><\/strong><\/p>\n\n\n\n<p>Denne styrkel\u00f8ftstang har aggressive riflede m\u00f8nstre, der giver et sikkert og fast greb under intense l\u00f8ft. De pr\u00e6cist placerede riller hj\u00e6lper l\u00f8fterne med at holde h\u00e6nderne korrekt placeret under squat, b\u00e6nkpres og d\u00f8dl\u00f8ft. Stangen har ogs\u00e5 en midterrille, der giver ekstra stabilitet under squats, forhindrer stangen i at glide og \u00f8ger sikkerheden.  <\/p>\n<\/div>\n\n\n\n<div class=\"wp-block-column is-vertically-aligned-center is-layout-flow wp-block-column-is-layout-flow\">\n<figure class=\"wp-block-image size-full is-style-rounded\"><img decoding=\"async\" src=\"https:\/\/evolve-fitness.eu\/wp-content\/uploads\/2025\/01\/Evolve-Powerlifiting-Bar-3.jpg\" alt=\"EV-OB-PL-220\" class=\"wp-image-173253\" style=\"object-fit:cover\"\/><\/figure>\n<\/div>\n<\/div>\n\n\n\n<div class=\"wp-block-columns alignwide mobile-reverse is-layout-flex wp-container-core-columns-is-layout-ca64bf2d wp-block-columns-is-layout-flex\" style=\"margin-bottom:var(--wp--preset--spacing--side-padding)\">\n<div class=\"wp-block-column is-vertically-aligned-center is-layout-flow wp-block-column-is-layout-flow\">\n<figure class=\"wp-block-image size-full is-style-rounded\"><img decoding=\"async\" src=\"https:\/\/evolve-fitness.eu\/wp-content\/uploads\/2025\/01\/Evolve-Powerlifiting-Bar-6.jpg\" alt=\"EV-OB-PL-220\" class=\"wp-image-174016\" style=\"object-fit:cover\"\/><\/figure>\n<\/div>\n\n\n\n<div class=\"wp-block-column is-vertically-aligned-center is-layout-flow wp-block-column-is-layout-flow\">\n<h3 class=\"wp-block-heading\" style=\"margin-bottom:var(--wp--preset--spacing--h-3-bottom)\"><strong><strong><strong><strong><strong><strong><strong>Optimal belastningskapacitet og stivhed<\/strong><\/strong><\/strong><\/strong><\/strong><\/strong><\/strong><\/h3>\n\n\n\n<p><strong><em><strong><strong><strong><strong><strong>Udviklet til tunge v\u00e6gte<\/strong><\/strong><\/strong><\/strong><\/strong><\/em><\/strong><\/p>\n\n\n\n<p style=\"margin-bottom:var(--wp--preset--spacing--tb-section-padding)\">Evolve Powerlifting Bar er designet til at h\u00e5ndtere en maksimal v\u00e6gtkapacitet p\u00e5 op til 900 kg (2000 lbs), hvilket im\u00f8dekommer behovene hos avancerede og elite styrkel\u00f8ftere. Dens reducerede pisk og optimale stivhed sikrer kontrollerede bev\u00e6gelser, hvilket giver mulighed for forbedret form og kraftoverf\u00f8rsel under l\u00f8ft med maksimal indsats. <\/p>\n\n\n\n<h3 class=\"wp-block-heading\" style=\"margin-bottom:var(--wp--preset--spacing--h-3-bottom)\"><strong><strong><strong><strong><strong><strong><strong><strong><strong>Sleeve-design og holdbarhed<\/strong><\/strong><\/strong><\/strong><\/strong><\/strong><\/strong><\/strong><\/strong><\/h3>\n\n\n\n<p><strong><em><strong><strong><strong><strong><strong><strong>J\u00e6vn rotation for langvarig ydelse<\/strong><\/strong><\/strong><\/strong><\/strong><\/strong><\/em><\/strong><\/p>\n\n\n\n<p>Udstyret med robuste bushing sleeves sikrer stangen en j\u00e6vn og p\u00e5lidelig rotation af pladerne. B\u00f8sningerne har en h\u00e5rd krombel\u00e6gning, som giver fremragende modstandsdygtighed over for slid og korrosion, hvilket g\u00f8r den til en langtidsholdbar investering i ethvert styrkel\u00f8fts-setup. <\/p>\n<\/div>\n<\/div>\n<\/section>\n","protected":false},"excerpt":{"rendered":"<p>Evolve Powerlifting Bar (EV-OB-PL-220) er en f\u00f8rsteklasses v\u00e6gtstang, der er fremstillet til b\u00e5de styrketr\u00e6ningsentusiaster og professionelle atleter. Denne 220 cm lange og 20 kg tunge v\u00e6gtstang er designet med holdbarhed og pr\u00e6cision i tankerne og er velegnet til tunge l\u00f8ft. Dens overlegne greb og robuste konstruktion sikrer stabilitet og kontrol, hvilket g\u00f8r den til det ideelle valg til squats, d\u00f8dl\u00f8ft og b\u00e6nkpres. Denne v\u00e6gtstang er perfekt til alle fitnessniveauer og leverer p\u00e5lidelighed og konsistens.<\/p>\n","protected":false},"featured_media":102848,"template":"","meta":{"_acf_changed":false,"inline_featured_image":false},"product_cat":[2411,977,1019],"product_tag":[],"class_list":{"0":"post-102650","1":"product","2":"type-product","3":"status-publish","4":"has-post-thumbnail","6":"product_cat-hyrox-gear","7":"product_cat-frie-vaegte","8":"product_cat-barer-og-tilbehor","10":"first","11":"instock","12":"shipping-taxable","13":"purchasable","14":"product-type-simple"},"acf":[],"_links":{"self":[{"href":"https:\/\/store.evolve-fitness.eu\/da\/wp-json\/wp\/v2\/product\/102650","targetHints":{"allow":["GET"]}}],"collection":[{"href":"https:\/\/store.evolve-fitness.eu\/da\/wp-json\/wp\/v2\/product"}],"about":[{"href":"https:\/\/store.evolve-fitness.eu\/da\/wp-json\/wp\/v2\/types\/product"}],"wp:featuredmedia":[{"embeddable":true,"href":"https:\/\/store.evolve-fitness.eu\/da\/wp-json\/wp\/v2\/media\/102848"}],"wp:attachment":[{"href":"https:\/\/store.evolve-fitness.eu\/da\/wp-json\/wp\/v2\/media?parent=102650"}],"wp:term":[{"taxonomy":"product_cat","embeddable":true,"href":"https:\/\/store.evolve-fitness.eu\/da\/wp-json\/wp\/v2\/product_cat?post=102650"},{"taxonomy":"product_tag","embeddable":true,"href":"https:\/\/store.evolve-fitness.eu\/da\/wp-json\/wp\/v2\/product_tag?post=102650"}],"curies":[{"name":"wp","href":"https:\/\/api.w.org\/{rel}","templated":true}]}}