{"id":102485,"date":"2025-01-07T15:26:06","date_gmt":"2025-01-07T15:26:06","guid":{"rendered":"https:\/\/store.evolve-fitness.eu\/?post_type=product&#038;p=102485"},"modified":"2025-01-08T11:13:59","modified_gmt":"2025-01-08T11:13:59","slug":"evolve-ultra-series-plate-loaded-iso-lateral-squat-lunge-3","status":"publish","type":"product","link":"https:\/\/store.evolve-fitness.eu\/da\/vare\/evolve-ultra-series-plate-loaded-iso-lateral-squat-lunge-3\/","title":{"rendered":"Evolve Ultra Series Plate Loaded Iso Lateral Squat Lunge"},"content":{"rendered":"\n<section class=\"wp-block-group alignfull black-content has-white-color has-darkgray-background-color has-text-color has-background is-layout-constrained wp-block-group-is-layout-constrained\" style=\"padding-top:var(--wp--preset--spacing--section-bottom);padding-bottom:var(--wp--preset--spacing--section-bottom)\">\n<section class=\"wp-block-group alignfull black-content has-white-color has-darkgray-background-color has-text-color has-background is-layout-constrained wp-block-group-is-layout-constrained\" style=\"margin-bottom:0;padding-top:var(--wp--preset--spacing--tb-padding);padding-bottom:var(--wp--preset--spacing--tb-padding)\">\n<div class=\"wp-block-columns alignwide mobile-reverse is-layout-flex wp-container-core-columns-is-layout-7a02faa9 wp-block-columns-is-layout-flex\" style=\"margin-bottom:var(--wp--preset--spacing--tb-section-padding)\">\n<div class=\"wp-block-column is-vertically-aligned-center is-layout-flow wp-block-column-is-layout-flow\">\n<h3 class=\"wp-block-heading\" style=\"margin-bottom:var(--wp--preset--spacing--h-3-bottom)\"><strong><strong><strong><strong><strong><strong><strong><strong><strong>Dynamisk tr\u00e6ning af underkroppen<\/strong><\/strong><\/strong><\/strong><\/strong><\/strong><\/strong><\/strong><\/strong><\/h3>\n\n\n\n<p><strong><em><strong><strong><strong><strong><strong><strong>Styrk baller, quads og haser<\/strong><\/strong><\/strong><\/strong><\/strong><\/strong><\/em><\/strong><\/p>\n\n\n\n<p><strong>Evolve Ultra Series Plate-Loaded Iso-Lateral Squat Lunge<\/strong> er specialdesignet til at aktivere baller, quads og haser med pr\u00e6cision og kontrol. Den isolaterale funktionalitet g\u00f8r det muligt for hvert ben at bev\u00e6ge sig uafh\u00e6ngigt, hvilket fremmer en afbalanceret muskeludvikling og reducerer risikoen for ubalancer. Maskinens ergonomiske design sikrer korrekt justering og minimerer belastningen p\u00e5 leddene, hvilket g\u00f8r den sikker og effektiv til mange forskellige tr\u00e6ningsformer. Squat Lunge er ideel til at opbygge styrke i underkroppen, forbedre atletiske pr\u00e6stationer og forbedre stabiliteten og er en alsidig tilf\u00f8jelse til enhver styrketr\u00e6ningsrutine.   <\/p>\n<\/div>\n\n\n\n<div class=\"wp-block-column is-vertically-aligned-center is-layout-flow wp-block-column-is-layout-flow\">\n<figure class=\"wp-block-image size-full\"><img decoding=\"async\" src=\"https:\/\/evolve-fitness.eu\/wp-content\/uploads\/2025\/01\/EV-PL-UL-580-Evolve-Ultra-Series-Plate-Loaded-Iso-Lateral-Squat-Lunge.png\" alt=\"EV-PL-UL-580\" class=\"wp-image-170992\"\/><\/figure>\n<\/div>\n<\/div>\n<\/section>\n<\/section>\n","protected":false},"excerpt":{"rendered":"<p>Evolve Ultra Series Plate-Loaded Iso-Lateral Squat Lunge (EV-PL-UL-580) er en f\u00f8rsteklasses fitnessmaskine, der er designet til at l\u00f8fte din tr\u00e6ning af underkroppen. Denne maskine er bygget med henblik p\u00e5 holdbarhed og biomekanisk pr\u00e6cision og tilbyder en unik kombination af squat- og lungebev\u00e6gelser, der retter sig mod flere muskelgrupper samtidig. Uanset om du fokuserer p\u00e5 styrke, kraft eller udholdenhed, giver Iso-Lateral Squat Lunge en alsidig og effektiv tr\u00e6ning for brugere p\u00e5 alle fitnessniveauer.  <\/p>\n","protected":false},"featured_media":131142,"template":"","meta":{"_acf_changed":false,"inline_featured_image":false},"product_cat":[353,748,749],"product_tag":[],"class_list":{"0":"post-102485","1":"product","2":"type-product","3":"status-publish","4":"has-post-thumbnail","6":"product_cat-forside","7":"product_cat-pladebelastede-maskiner","8":"product_cat-ultra-series-pladebelastet","10":"first","11":"instock","12":"shipping-taxable","13":"purchasable","14":"product-type-simple"},"acf":[],"_links":{"self":[{"href":"https:\/\/store.evolve-fitness.eu\/da\/wp-json\/wp\/v2\/product\/102485","targetHints":{"allow":["GET"]}}],"collection":[{"href":"https:\/\/store.evolve-fitness.eu\/da\/wp-json\/wp\/v2\/product"}],"about":[{"href":"https:\/\/store.evolve-fitness.eu\/da\/wp-json\/wp\/v2\/types\/product"}],"wp:featuredmedia":[{"embeddable":true,"href":"https:\/\/store.evolve-fitness.eu\/da\/wp-json\/wp\/v2\/media\/131142"}],"wp:attachment":[{"href":"https:\/\/store.evolve-fitness.eu\/da\/wp-json\/wp\/v2\/media?parent=102485"}],"wp:term":[{"taxonomy":"product_cat","embeddable":true,"href":"https:\/\/store.evolve-fitness.eu\/da\/wp-json\/wp\/v2\/product_cat?post=102485"},{"taxonomy":"product_tag","embeddable":true,"href":"https:\/\/store.evolve-fitness.eu\/da\/wp-json\/wp\/v2\/product_tag?post=102485"}],"curies":[{"name":"wp","href":"https:\/\/api.w.org\/{rel}","templated":true}]}}