{"id":102358,"date":"2025-01-07T14:35:40","date_gmt":"2025-01-07T14:35:40","guid":{"rendered":"https:\/\/store.evolve-fitness.eu\/?post_type=product&#038;p=102358"},"modified":"2025-11-03T11:33:12","modified_gmt":"2025-11-03T11:33:12","slug":"evolve-ultra-series-selectorized-abdominal-machine-1","status":"publish","type":"product","link":"https:\/\/store.evolve-fitness.eu\/da\/vare\/evolve-ultra-series-selectorized-abdominal-machine-1\/","title":{"rendered":"Evolve Ultra Series Selectorized Abdominal Machine (UL-350)"},"content":{"rendered":"\n<section class=\"wp-block-group alignfull black-content has-white-color has-darkgray-background-color has-text-color has-background is-layout-constrained wp-block-group-is-layout-constrained\" style=\"padding-top:var(--wp--preset--spacing--section-bottom);padding-bottom:var(--wp--preset--spacing--section-bottom)\">\n<section class=\"wp-block-group alignfull black-content has-white-color has-darkgray-background-color has-text-color has-background is-layout-constrained wp-block-group-is-layout-constrained\" style=\"margin-bottom:0;padding-top:var(--wp--preset--spacing--tb-padding);padding-bottom:var(--wp--preset--spacing--tb-padding)\">\n<div class=\"wp-block-columns alignwide mobile-reverse is-layout-flex wp-container-core-columns-is-layout-7a02faa9 wp-block-columns-is-layout-flex\" style=\"margin-bottom:var(--wp--preset--spacing--tb-section-padding)\">\n<div class=\"wp-block-column is-vertically-aligned-center is-layout-flow wp-block-column-is-layout-flow\">\n<h3 class=\"wp-block-heading\" style=\"margin-bottom:var(--wp--preset--spacing--h-3-bottom)\"><strong><strong><strong><strong><strong><strong><strong><strong><strong>Isolering af kernemuskler<\/strong><\/strong><\/strong><\/strong><\/strong><\/strong><\/strong><\/strong><\/strong><\/h3>\n\n\n\n<p><strong><em><strong><strong><strong><strong><strong><strong>Effektiv mavestyrke og -stabilitet<\/strong><\/strong><\/strong><\/strong><\/strong><\/strong><\/em><\/strong><\/p>\n\n\n\n<p><strong>Evolve Ultra Series Selectorized Abdominal Machine<\/strong> er professionelt udformet til at give m\u00e5lrettet aktivering af kernemusklerne, herunder rectus abdominis og obliques. Det justerbare modstandssystem giver mulighed for progressiv overbelastning, hvilket g\u00f8r den velegnet til brugere p\u00e5 alle fitnessniveauer. Det ergonomiske design underst\u00f8tter korrekt form og reducerer risikoen for overbelastning, hvilket giver en sikker og effektiv tr\u00e6ning. Denne maskine er ideel til at opbygge kernestyrke, \u00f8ge stabiliteten og forbedre kropsholdningen og er et v\u00e6rdifuldt redskab til at opn\u00e5 en st\u00e6rk og veldefineret midtersektion.   <\/p>\n<\/div>\n\n\n\n<div class=\"wp-block-column is-vertically-aligned-center is-layout-flow wp-block-column-is-layout-flow\">\n<figure class=\"wp-block-image size-full\"><img decoding=\"async\" src=\"https:\/\/evolve-fitness.eu\/wp-content\/uploads\/2025\/01\/EV-SC-UL-350-Evolve-Ultra-Series-Selectorized-Abdominal-Machine.png\" alt=\"EV-SC-UL-350\" class=\"wp-image-170837\"\/><\/figure>\n<\/div>\n<\/div>\n<\/section>\n<\/section>\n","protected":false},"excerpt":{"rendered":"<p>Evolve Ultra Series Selectorized Abdominal Machine (EV-SC-UL-350) er en vigtig tilf\u00f8jelse til alle, der \u00f8nsker at styrke og forme deres core. Denne maskine af h\u00f8j kvalitet er designet med brugerkomfort og effektivitet i tankerne og tilbyder justerbar modstand og ergonomisk st\u00f8tte for at sikre en effektiv og sikker tr\u00e6ning. Uanset om du er nybegynder eller en erfaren fitnessentusiast, er mavemaskinen perfekt til at isolere og engagere kernemusklerne og hj\u00e6lpe dig med at n\u00e5 dine fitnessm\u00e5l med pr\u00e6cision og lethed.  <\/p>\n","protected":false},"featured_media":102304,"template":"","meta":{"_acf_changed":false,"inline_featured_image":false},"product_cat":[353,1107,1285],"product_tag":[],"class_list":{"0":"post-102358","1":"product","2":"type-product","3":"status-publish","4":"has-post-thumbnail","6":"product_cat-forside","7":"product_cat-selekterede-maskiner","8":"product_cat-ultra-series-maskiner-med-valgfri-funktion","10":"first","11":"instock","12":"shipping-taxable","13":"purchasable","14":"product-type-simple"},"acf":[],"_links":{"self":[{"href":"https:\/\/store.evolve-fitness.eu\/da\/wp-json\/wp\/v2\/product\/102358","targetHints":{"allow":["GET"]}}],"collection":[{"href":"https:\/\/store.evolve-fitness.eu\/da\/wp-json\/wp\/v2\/product"}],"about":[{"href":"https:\/\/store.evolve-fitness.eu\/da\/wp-json\/wp\/v2\/types\/product"}],"wp:featuredmedia":[{"embeddable":true,"href":"https:\/\/store.evolve-fitness.eu\/da\/wp-json\/wp\/v2\/media\/102304"}],"wp:attachment":[{"href":"https:\/\/store.evolve-fitness.eu\/da\/wp-json\/wp\/v2\/media?parent=102358"}],"wp:term":[{"taxonomy":"product_cat","embeddable":true,"href":"https:\/\/store.evolve-fitness.eu\/da\/wp-json\/wp\/v2\/product_cat?post=102358"},{"taxonomy":"product_tag","embeddable":true,"href":"https:\/\/store.evolve-fitness.eu\/da\/wp-json\/wp\/v2\/product_tag?post=102358"}],"curies":[{"name":"wp","href":"https:\/\/api.w.org\/{rel}","templated":true}]}}