{"id":102229,"date":"2025-01-07T13:33:57","date_gmt":"2025-01-07T13:33:57","guid":{"rendered":"https:\/\/store.evolve-fitness.eu\/?post_type=product&#038;p=102229"},"modified":"2025-09-25T12:49:38","modified_gmt":"2025-09-25T12:49:38","slug":"evolve-ultra-series-selectorized-iso-lateral-biceps-curl-3","status":"publish","type":"product","link":"https:\/\/store.evolve-fitness.eu\/da\/vare\/evolve-ultra-series-selectorized-iso-lateral-biceps-curl-3\/","title":{"rendered":"Evolve Ultra Series Selectorized Iso Lateral Biceps Curl"},"content":{"rendered":"\n<section class=\"wp-block-group alignfull black-content has-white-color has-darkgray-background-color has-text-color has-background is-layout-constrained wp-block-group-is-layout-constrained\" style=\"padding-top:var(--wp--preset--spacing--section-bottom);padding-bottom:var(--wp--preset--spacing--section-bottom)\">\n<section class=\"wp-block-group alignfull black-content has-white-color has-darkgray-background-color has-text-color has-background is-layout-constrained wp-block-group-is-layout-constrained\" style=\"margin-bottom:0;padding-top:var(--wp--preset--spacing--tb-padding);padding-bottom:var(--wp--preset--spacing--tb-padding)\">\n<div class=\"wp-block-columns alignwide mobile-reverse is-layout-flex wp-container-core-columns-is-layout-7a02faa9 wp-block-columns-is-layout-flex\" style=\"margin-bottom:var(--wp--preset--spacing--tb-section-padding)\">\n<div class=\"wp-block-column is-vertically-aligned-center is-layout-flow wp-block-column-is-layout-flow\">\n<h3 class=\"wp-block-heading\" style=\"margin-bottom:var(--wp--preset--spacing--h-3-bottom)\"><strong><strong><strong><strong><strong><strong><strong><strong><strong>Tr\u00e6ning af pr\u00e6cisionsarme<\/strong><\/strong><\/strong><\/strong><\/strong><\/strong><\/strong><\/strong><\/strong><\/h3>\n\n\n\n<p><strong><em><strong><strong><strong><strong><strong><strong>Isol\u00e9r og opbyg biceps med kontrollerede bev\u00e6gelser<\/strong><\/strong><\/strong><\/strong><\/strong><\/strong><\/em><\/strong><\/p>\n\n\n\n<p><strong>Evolve Ultra Series Selectorized Iso-Lateral Biceps Curl<\/strong> er konstrueret til at give m\u00e5lrettet aktivering af bicepsmusklerne, hvilket sikrer optimalt engagement og v\u00e6kst. Det uafh\u00e6ngige armbev\u00e6gelsesdesign fremmer afbalanceret udvikling, s\u00e5 hver arm kan arbejde uafh\u00e6ngigt for at forbedre muskelsymmetrien. Den justerbare modstand sikrer, at den passer til alle fitnessniveauer, mens det ergonomiske design underst\u00f8tter korrekt justering og minimerer belastningen p\u00e5 leddene. Denne maskine er perfekt til at opbygge styrke, \u00f8ge definitionen og forbedre armenes \u00e6stetik og er et vigtigt redskab til effektiv overkropstr\u00e6ning.   <\/p>\n<\/div>\n\n\n\n<div class=\"wp-block-column is-vertically-aligned-center is-layout-flow wp-block-column-is-layout-flow\">\n<figure class=\"wp-block-image size-full\"><img decoding=\"async\" src=\"https:\/\/evolve-fitness.eu\/wp-content\/uploads\/2025\/01\/EV-SC-UL-310-Evolve-Ultra-Series-Selectorized-Iso-Lateral-Biceps-Curl.png\" alt=\"EV-SC-UL-310\" class=\"wp-image-170787\"\/><\/figure>\n<\/div>\n<\/div>\n\n\n\n<div class=\"wp-block-columns alignwide mobile-reverse is-layout-flex wp-container-core-columns-is-layout-ca64bf2d wp-block-columns-is-layout-flex\" style=\"margin-bottom:var(--wp--preset--spacing--side-padding)\">\n<div class=\"wp-block-column is-vertically-aligned-center is-layout-flow wp-block-column-is-layout-flow\"><\/div>\n<\/div>\n<\/section>\n<\/section>\n","protected":false},"excerpt":{"rendered":"<p>Evolve Ultra Series Selectorized Iso-Lateral Biceps Curl (EV-SC-UL-310) er en f\u00f8rsteklasses fitnessmaskine, der er designet til at levere pr\u00e6cis og effektiv bicepstr\u00e6ning. Denne maskine er bygget med henblik p\u00e5 holdbarhed og j\u00e6vn ydeevne og giver brugerne mulighed for at isolere og styrke deres armmuskler med kontrollerede og afbalancerede bev\u00e6gelser. Uanset om du er nybegynder eller avanceret atlet, er Iso-Lateral Biceps Curl perfekt til at opn\u00e5 muskelsymmetri, \u00f8ge styrken og forfine armdefinitionen.  <\/p>\n","protected":false},"featured_media":102254,"template":"","meta":{"_acf_changed":false,"inline_featured_image":false},"product_cat":[353,1107,1285],"product_tag":[],"class_list":{"0":"post-102229","1":"product","2":"type-product","3":"status-publish","4":"has-post-thumbnail","6":"product_cat-forside","7":"product_cat-selekterede-maskiner","8":"product_cat-ultra-series-maskiner-med-valgfri-funktion","10":"first","11":"instock","12":"shipping-taxable","13":"purchasable","14":"product-type-simple"},"acf":[],"_links":{"self":[{"href":"https:\/\/store.evolve-fitness.eu\/da\/wp-json\/wp\/v2\/product\/102229","targetHints":{"allow":["GET"]}}],"collection":[{"href":"https:\/\/store.evolve-fitness.eu\/da\/wp-json\/wp\/v2\/product"}],"about":[{"href":"https:\/\/store.evolve-fitness.eu\/da\/wp-json\/wp\/v2\/types\/product"}],"wp:featuredmedia":[{"embeddable":true,"href":"https:\/\/store.evolve-fitness.eu\/da\/wp-json\/wp\/v2\/media\/102254"}],"wp:attachment":[{"href":"https:\/\/store.evolve-fitness.eu\/da\/wp-json\/wp\/v2\/media?parent=102229"}],"wp:term":[{"taxonomy":"product_cat","embeddable":true,"href":"https:\/\/store.evolve-fitness.eu\/da\/wp-json\/wp\/v2\/product_cat?post=102229"},{"taxonomy":"product_tag","embeddable":true,"href":"https:\/\/store.evolve-fitness.eu\/da\/wp-json\/wp\/v2\/product_tag?post=102229"}],"curies":[{"name":"wp","href":"https:\/\/api.w.org\/{rel}","templated":true}]}}