{"id":102179,"date":"2025-01-07T13:26:21","date_gmt":"2025-01-07T13:26:21","guid":{"rendered":"https:\/\/store.evolve-fitness.eu\/?post_type=product&#038;p=102179"},"modified":"2025-09-25T12:49:31","modified_gmt":"2025-09-25T12:49:31","slug":"evolve-ultra-series-selectorized-seated-leg-curl-1","status":"publish","type":"product","link":"https:\/\/store.evolve-fitness.eu\/da\/vare\/evolve-ultra-series-selectorized-seated-leg-curl-1\/","title":{"rendered":"Evolve Ultra Series Selectorized Seated Leg Curl"},"content":{"rendered":"\n<section class=\"wp-block-group alignfull black-content has-white-color has-darkgray-background-color has-text-color has-background is-layout-constrained wp-block-group-is-layout-constrained\" style=\"padding-top:var(--wp--preset--spacing--section-bottom);padding-bottom:var(--wp--preset--spacing--section-bottom)\">\n<section class=\"wp-block-group alignfull black-content has-white-color has-darkgray-background-color has-text-color has-background is-layout-constrained wp-block-group-is-layout-constrained\" style=\"margin-bottom:0;padding-top:var(--wp--preset--spacing--tb-padding);padding-bottom:var(--wp--preset--spacing--tb-padding)\">\n<div class=\"wp-block-columns alignwide mobile-reverse is-layout-flex wp-container-core-columns-is-layout-7a02faa9 wp-block-columns-is-layout-flex\" style=\"margin-bottom:var(--wp--preset--spacing--tb-section-padding)\">\n<div class=\"wp-block-column is-vertically-aligned-center is-layout-flow wp-block-column-is-layout-flow\">\n<h3 class=\"wp-block-heading\" style=\"margin-bottom:var(--wp--preset--spacing--h-3-bottom)\"><strong><strong><strong><strong><strong><strong><strong><strong><strong>M\u00e5lrettet udvikling af haserne<\/strong><\/strong><\/strong><\/strong><\/strong><\/strong><\/strong><\/strong><\/strong><\/h3>\n\n\n\n<p><strong><em><strong><strong><strong><strong><strong><strong>Styrk og forbedr underkroppens ydeevne<\/strong><\/strong><\/strong><\/strong><\/strong><\/strong><\/em><\/strong><\/p>\n\n\n\n<p><strong>Evolve Ultra Series Selectorized Seated Leg Curl<\/strong> er specielt designet til at isolere og engagere haserne, hvilket giver en meget effektiv tr\u00e6ning af underkroppen. De justerbare indstillinger giver mulighed for at skr\u00e6ddersy modstanden, s\u00e5 den passer til individuelle fitnessniveauer og m\u00e5l. Maskinens ergonomiske design fremmer korrekt positionering og reducerer belastningen, hvilket giver sikker og effektiv tr\u00e6ning. Seated Leg Curl er ideel til at opbygge hamstringstyrke, forbedre fleksibiliteten og underst\u00f8tte atletiske pr\u00e6stationer og er et v\u00e6rdifuldt redskab til at opn\u00e5 en velafrundet udvikling af underkroppen.   <\/p>\n<\/div>\n\n\n\n<div class=\"wp-block-column is-vertically-aligned-center is-layout-flow wp-block-column-is-layout-flow\">\n<figure class=\"wp-block-image size-full\"><img decoding=\"async\" src=\"https:\/\/evolve-fitness.eu\/wp-content\/uploads\/2025\/01\/EV-SC-UL-130-Evolve-Ultra-Series-Selectorized-Seated-Leg-Curl.png\" alt=\"EV-SC-UL-130\" class=\"wp-image-170762\"\/><\/figure>\n<\/div>\n<\/div>\n\n\n\n<div class=\"wp-block-columns alignwide mobile-reverse is-layout-flex wp-container-core-columns-is-layout-ca64bf2d wp-block-columns-is-layout-flex\" style=\"margin-bottom:var(--wp--preset--spacing--side-padding)\">\n<div class=\"wp-block-column is-vertically-aligned-center is-layout-flow wp-block-column-is-layout-flow\"><\/div>\n<\/div>\n<\/section>\n<\/section>\n","protected":false},"excerpt":{"rendered":"<p>Evolve Ultra Series Selectorized Seated Leg Curl (EV-SC-UL-130) er en vigtig maskine til at m\u00e5lrette og styrke hasemusklerne. Dette fitnessudstyr af h\u00f8j kvalitet er designet til komfort og effektivitet og sikrer j\u00e6vne og kontrollerede bev\u00e6gelser for at maksimere muskelengagementet. Med sin justerbare modstand og ergonomiske design henvender Seated Leg Curl-maskinen sig til brugere p\u00e5 alle fitnessniveauer, hvilket g\u00f8r den til en alsidig tilf\u00f8jelse til ethvert fitnesscenter eller tr\u00e6ningsprogram.  <\/p>\n","protected":false},"featured_media":102204,"template":"","meta":{"_acf_changed":false,"inline_featured_image":false},"product_cat":[1107,1285],"product_tag":[],"class_list":{"0":"post-102179","1":"product","2":"type-product","3":"status-publish","4":"has-post-thumbnail","6":"product_cat-selekterede-maskiner","7":"product_cat-ultra-series-maskiner-med-valgfri-funktion","9":"first","10":"instock","11":"shipping-taxable","12":"purchasable","13":"product-type-simple"},"acf":[],"_links":{"self":[{"href":"https:\/\/store.evolve-fitness.eu\/da\/wp-json\/wp\/v2\/product\/102179","targetHints":{"allow":["GET"]}}],"collection":[{"href":"https:\/\/store.evolve-fitness.eu\/da\/wp-json\/wp\/v2\/product"}],"about":[{"href":"https:\/\/store.evolve-fitness.eu\/da\/wp-json\/wp\/v2\/types\/product"}],"wp:featuredmedia":[{"embeddable":true,"href":"https:\/\/store.evolve-fitness.eu\/da\/wp-json\/wp\/v2\/media\/102204"}],"wp:attachment":[{"href":"https:\/\/store.evolve-fitness.eu\/da\/wp-json\/wp\/v2\/media?parent=102179"}],"wp:term":[{"taxonomy":"product_cat","embeddable":true,"href":"https:\/\/store.evolve-fitness.eu\/da\/wp-json\/wp\/v2\/product_cat?post=102179"},{"taxonomy":"product_tag","embeddable":true,"href":"https:\/\/store.evolve-fitness.eu\/da\/wp-json\/wp\/v2\/product_tag?post=102179"}],"curies":[{"name":"wp","href":"https:\/\/api.w.org\/{rel}","templated":true}]}}