{"id":102131,"date":"2025-01-07T13:20:56","date_gmt":"2025-01-07T13:20:56","guid":{"rendered":"https:\/\/store.evolve-fitness.eu\/?post_type=product&#038;p=102131"},"modified":"2026-02-28T12:00:28","modified_gmt":"2026-02-28T12:00:28","slug":"evolve-ultra-series-plate-loaded-standing-hip-thrust-4","status":"publish","type":"product","link":"https:\/\/store.evolve-fitness.eu\/da\/vare\/evolve-ultra-series-plate-loaded-standing-hip-thrust-4\/","title":{"rendered":"Evolve Ultra Series Plate Loaded Standing Hip Thrust"},"content":{"rendered":"\n<section class=\"wp-block-group alignfull black-content has-white-color has-darkgray-background-color has-text-color has-background is-layout-constrained wp-block-group-is-layout-constrained\" style=\"padding-top:var(--wp--preset--spacing--section-bottom);padding-bottom:var(--wp--preset--spacing--section-bottom)\">\n<section class=\"wp-block-group alignfull black-content has-white-color has-darkgray-background-color has-text-color has-background is-layout-constrained wp-block-group-is-layout-constrained\" style=\"margin-bottom:0;padding-top:var(--wp--preset--spacing--tb-padding);padding-bottom:var(--wp--preset--spacing--tb-padding)\">\n<div class=\"wp-block-columns alignwide mobile-reverse is-layout-flex wp-container-core-columns-is-layout-7a02faa9 wp-block-columns-is-layout-flex\" style=\"margin-bottom:var(--wp--preset--spacing--tb-section-padding)\">\n<div class=\"wp-block-column is-vertically-aligned-center is-layout-flow wp-block-column-is-layout-flow\">\n<h3 class=\"wp-block-heading\" style=\"margin-bottom:var(--wp--preset--spacing--h-3-bottom)\"><strong><strong><strong><strong><strong><strong><strong><strong><strong>Optimeret aktivering af underkroppen<\/strong><\/strong><\/strong><\/strong><\/strong><\/strong><\/strong><\/strong><\/strong><\/h3>\n\n\n\n<p><strong><em><strong><strong><strong><strong><strong><strong>Styrk baller, haser og kerne<\/strong><\/strong><\/strong><\/strong><\/strong><\/strong><\/em><\/strong><\/p>\n\n\n\n<p><strong>Evolve Ultra Series Plate-Loaded Standing Hip Thrust<\/strong> er ekspertdesignet til at ramme ballemusklerne, samtidig med at den giver supplerende aktivering af haser, core og st\u00f8ttemuskler. Den st\u00e5ende position fremmer kontrollerede, effektive bev\u00e6gelser og minimerer presset p\u00e5 l\u00e6nden, hvilket giver en sikker og effektiv tr\u00e6ning. Maskinens fokus p\u00e5 hofteekstension g\u00f8r den ideel til at forbedre styrke, kraft og stabilitet, hvad enten det drejer sig om atletisk pr\u00e6station eller generel fitness. Ved at inkorporere Standing Hip Thrust i din rutine vil du forbedre udviklingen af underkroppen og opn\u00e5 en afrundet styrke.   <\/p>\n<\/div>\n\n\n\n<div class=\"wp-block-column is-vertically-aligned-center is-layout-flow wp-block-column-is-layout-flow\">\n<figure class=\"wp-block-image size-full\"><img decoding=\"async\" src=\"https:\/\/evolve-fitness.eu\/wp-content\/uploads\/2025\/01\/EV-PL-UL-460-Evolve-Ultra-Series-Plate-Loaded-Standing-Hip-Thrust.png\" alt=\"EV-PL-UL-460\" class=\"wp-image-170704\"\/><\/figure>\n<\/div>\n<\/div>\n\n\n\n<div class=\"wp-block-columns alignwide mobile-reverse is-layout-flex wp-container-core-columns-is-layout-ca64bf2d wp-block-columns-is-layout-flex\" style=\"margin-bottom:var(--wp--preset--spacing--side-padding)\">\n<div class=\"wp-block-column is-vertically-aligned-center is-layout-flow wp-block-column-is-layout-flow\"><\/div>\n<\/div>\n<\/section>\n<\/section>\n","protected":false},"excerpt":{"rendered":"<p>Evolve Ultra Series Plate-Loaded Standing Hip Thrust (EV-PL-UL-460) er en tilf\u00f8jelse til ethvert fitnesscenter eller enhver fitnessentusiasts samling. Denne innovative maskine er designet til optimal ydeevne og holdbarhed og giver dig mulighed for at m\u00e5lrette og styrke glutes, hamstrings og core med lethed og pr\u00e6cision. Uanset om du er professionel atlet eller nybegynder, der \u00f8nsker at forbedre styrken i underkroppen, er Standing Hip Thrust en sikker og effektiv m\u00e5de at maksimere dit tr\u00e6ningspotentiale og n\u00e5 dine fitnessm\u00e5l p\u00e5.  <\/p>\n","protected":false},"featured_media":102154,"template":"","meta":{"_acf_changed":false,"inline_featured_image":false},"product_cat":[353,748,749],"product_tag":[],"class_list":{"0":"post-102131","1":"product","2":"type-product","3":"status-publish","4":"has-post-thumbnail","6":"product_cat-forside","7":"product_cat-pladebelastede-maskiner","8":"product_cat-ultra-series-pladebelastet","10":"first","11":"instock","12":"shipping-taxable","13":"purchasable","14":"product-type-simple"},"acf":[],"_links":{"self":[{"href":"https:\/\/store.evolve-fitness.eu\/da\/wp-json\/wp\/v2\/product\/102131","targetHints":{"allow":["GET"]}}],"collection":[{"href":"https:\/\/store.evolve-fitness.eu\/da\/wp-json\/wp\/v2\/product"}],"about":[{"href":"https:\/\/store.evolve-fitness.eu\/da\/wp-json\/wp\/v2\/types\/product"}],"wp:featuredmedia":[{"embeddable":true,"href":"https:\/\/store.evolve-fitness.eu\/da\/wp-json\/wp\/v2\/media\/102154"}],"wp:attachment":[{"href":"https:\/\/store.evolve-fitness.eu\/da\/wp-json\/wp\/v2\/media?parent=102131"}],"wp:term":[{"taxonomy":"product_cat","embeddable":true,"href":"https:\/\/store.evolve-fitness.eu\/da\/wp-json\/wp\/v2\/product_cat?post=102131"},{"taxonomy":"product_tag","embeddable":true,"href":"https:\/\/store.evolve-fitness.eu\/da\/wp-json\/wp\/v2\/product_tag?post=102131"}],"curies":[{"name":"wp","href":"https:\/\/api.w.org\/{rel}","templated":true}]}}