{"id":102081,"date":"2025-01-07T13:14:34","date_gmt":"2025-01-07T13:14:34","guid":{"rendered":"https:\/\/store.evolve-fitness.eu\/?post_type=product&#038;p=102081"},"modified":"2025-09-25T12:48:56","modified_gmt":"2025-09-25T12:48:56","slug":"evolve-ultra-series-plate-loaded-pec-fly-3","status":"publish","type":"product","link":"https:\/\/store.evolve-fitness.eu\/da\/vare\/evolve-ultra-series-plate-loaded-pec-fly-3\/","title":{"rendered":"Evolve Ultra Series Plate Loaded Pec Fly"},"content":{"rendered":"\n<section class=\"wp-block-group alignfull black-content has-white-color has-darkgray-background-color has-text-color has-background is-layout-constrained wp-block-group-is-layout-constrained\" style=\"padding-top:var(--wp--preset--spacing--section-bottom);padding-bottom:var(--wp--preset--spacing--section-bottom)\">\n<section class=\"wp-block-group alignfull black-content has-white-color has-darkgray-background-color has-text-color has-background is-layout-constrained wp-block-group-is-layout-constrained\" style=\"margin-bottom:0;padding-top:var(--wp--preset--spacing--tb-padding);padding-bottom:var(--wp--preset--spacing--tb-padding)\">\n<div class=\"wp-block-columns alignwide mobile-reverse is-layout-flex wp-container-core-columns-is-layout-7a02faa9 wp-block-columns-is-layout-flex\" style=\"margin-bottom:var(--wp--preset--spacing--tb-section-padding)\">\n<div class=\"wp-block-column is-vertically-aligned-center is-layout-flow wp-block-column-is-layout-flow\">\n<h3 class=\"wp-block-heading\" style=\"margin-bottom:var(--wp--preset--spacing--h-3-bottom)\"><strong><strong><strong><strong><strong><strong><strong><strong><strong>Pr\u00e6cisionsisolering af brystkassen<\/strong><\/strong><\/strong><\/strong><\/strong><\/strong><\/strong><\/strong><\/strong><\/h3>\n\n\n\n<p><strong><em><strong><strong><strong><strong><strong><strong>Forbedret styrke og muskeldefinition<\/strong><\/strong><\/strong><\/strong><\/strong><\/strong><\/em><\/strong><\/p>\n\n\n\n<p><strong>Evolve Ultra Series Plate-Loaded Pec Fly<\/strong> er ekspertudviklet til at give m\u00e5lrettet aktivering af brystmusklerne, hvilket giver uovertruffen fokus p\u00e5 udvikling af brystet. Ved at f\u00f8re armene gennem en kontrolleret buebev\u00e6gelse isolerer denne maskine de indre og ydre brystmuskler for afbalanceret v\u00e6kst og forbedret definition. Sekund\u00e6r aktivering af skuldre og overarme sikrer en velafrundet overkropstr\u00e6ning. Med det ergonomiske design og de justerbare indstillinger kan brugere p\u00e5 alle fitnessniveauer opn\u00e5 korrekt form og justering, hvilket maksimerer effektiviteten af hver gentagelse. Uanset om det drejer sig om at opbygge styrke eller forbedre muskeltonus, er Pec Fly et vigtigt redskab til at opn\u00e5 en skulpturel overkrop.    <\/p>\n<\/div>\n\n\n\n<div class=\"wp-block-column is-vertically-aligned-center is-layout-flow wp-block-column-is-layout-flow\">\n<figure class=\"wp-block-image size-full\"><img decoding=\"async\" src=\"https:\/\/evolve-fitness.eu\/wp-content\/uploads\/2025\/01\/EV-PL-UL-490-Evolve-Ultra-Series-Plate-Loaded-Pec-Fly.png\" alt=\"EV-PL-UL-490\" class=\"wp-image-170653\"\/><\/figure>\n<\/div>\n<\/div>\n\n\n\n<div class=\"wp-block-columns alignwide mobile-reverse is-layout-flex wp-container-core-columns-is-layout-ca64bf2d wp-block-columns-is-layout-flex\" style=\"margin-bottom:var(--wp--preset--spacing--side-padding)\">\n<div class=\"wp-block-column is-vertically-aligned-center is-layout-flow wp-block-column-is-layout-flow\"><\/div>\n<\/div>\n<\/section>\n<\/section>\n","protected":false},"excerpt":{"rendered":"<p>Evolve Ultra Series Plate-Loaded Pec Fly (EV-PL-UL-490) er en f\u00f8rsteklasses tilf\u00f8jelse til enhver fitnessentusiasts eller fitnesscenter-ejers udstyrssortiment. Denne enhed er konstrueret med pr\u00e6cision og bygget til at holde, og den leverer en enest\u00e5ende styrketr\u00e6ningsoplevelse. Uanset om du er en erfaren l\u00f8fter eller lige er begyndt p\u00e5 din fitnessrejse, er Pec Fly designet til at hj\u00e6lpe dig med at isolere og udvikle brystmusklerne med lethed og effektivitet, hvilket g\u00f8r den til et vigtigt redskab til at n\u00e5 dine fitnessm\u00e5l for overkroppen.  <\/p>\n","protected":false},"featured_media":102104,"template":"","meta":{"_acf_changed":false,"inline_featured_image":false},"product_cat":[353,748,749],"product_tag":[],"class_list":{"0":"post-102081","1":"product","2":"type-product","3":"status-publish","4":"has-post-thumbnail","6":"product_cat-forside","7":"product_cat-pladebelastede-maskiner","8":"product_cat-ultra-series-pladebelastet","10":"first","11":"instock","12":"shipping-taxable","13":"purchasable","14":"product-type-simple"},"acf":[],"_links":{"self":[{"href":"https:\/\/store.evolve-fitness.eu\/da\/wp-json\/wp\/v2\/product\/102081","targetHints":{"allow":["GET"]}}],"collection":[{"href":"https:\/\/store.evolve-fitness.eu\/da\/wp-json\/wp\/v2\/product"}],"about":[{"href":"https:\/\/store.evolve-fitness.eu\/da\/wp-json\/wp\/v2\/types\/product"}],"wp:featuredmedia":[{"embeddable":true,"href":"https:\/\/store.evolve-fitness.eu\/da\/wp-json\/wp\/v2\/media\/102104"}],"wp:attachment":[{"href":"https:\/\/store.evolve-fitness.eu\/da\/wp-json\/wp\/v2\/media?parent=102081"}],"wp:term":[{"taxonomy":"product_cat","embeddable":true,"href":"https:\/\/store.evolve-fitness.eu\/da\/wp-json\/wp\/v2\/product_cat?post=102081"},{"taxonomy":"product_tag","embeddable":true,"href":"https:\/\/store.evolve-fitness.eu\/da\/wp-json\/wp\/v2\/product_tag?post=102081"}],"curies":[{"name":"wp","href":"https:\/\/api.w.org\/{rel}","templated":true}]}}