{"id":101788,"date":"2024-12-16T08:54:50","date_gmt":"2024-12-16T08:54:50","guid":{"rendered":"https:\/\/store.evolve-fitness.eu\/?post_type=product&#038;p=101788"},"modified":"2025-01-08T13:07:45","modified_gmt":"2025-01-08T13:07:45","slug":"evolve-kunstgraes-1","status":"publish","type":"product","link":"https:\/\/store.evolve-fitness.eu\/da\/vare\/evolve-kunstgraes-1\/","title":{"rendered":"Evolve Kunstgr\u00e6s"},"content":{"rendered":"\n<section class=\"wp-block-group alignfull black-content has-white-color has-darkgray-background-color has-text-color has-background is-layout-constrained wp-block-group-is-layout-constrained\" style=\"padding-top:var(--wp--preset--spacing--section-bottom);padding-bottom:var(--wp--preset--spacing--section-bottom)\">\n<div class=\"wp-block-columns alignwide is-layout-flex wp-container-core-columns-is-layout-c45ee707 wp-block-columns-is-layout-flex\" style=\"margin-bottom:var(--wp--preset--spacing--side-padding);padding-top:var(--wp--preset--spacing--side-padding)\">\n<div class=\"wp-block-column is-vertically-aligned-center is-layout-flow wp-block-column-is-layout-flow\">\n<h3 class=\"wp-block-heading\"><strong>Alsidigt kunstgr\u00e6s til indend\u00f8rs og udend\u00f8rs brug<\/strong><\/h3>\n\n\n\n<p><strong><em><strong><em>Holdbarhed og ydeevne til ethvert fitnessrum<\/em><\/strong><\/em><\/strong><\/p>\n\n\n\n<p style=\"margin-bottom:var(--wp--preset--spacing--tb-section-padding)\">Evolve Artificial Turf er den ideelle gulvl\u00f8sning til at skabe alsidige tr\u00e6ningszoner, b\u00e5de indend\u00f8rs og udend\u00f8rs. Kunstgr\u00e6sset er designet til holdbarhed og funktionalitet og giver en skridsikker, polstret overflade, der underst\u00f8tter h\u00f8jintensiv tr\u00e6ning, k\u00e6lkeskub og smidigheds\u00f8velser. Det vedligeholdelsesvenlige design modst\u00e5r slitage, mens den naturlige gr\u00e6slignende tekstur giver en autentisk fornemmelse for sports- og fitnessentusiaster. Evolve Artificial Turf er perfekt til fitnesscentre, tr\u00e6ningsfaciliteter eller udend\u00f8rsarealer og sikrer ydeevne, komfort og p\u00e5lidelighed til hver eneste tr\u00e6ning.   <\/p>\n\n\n\n<h3 class=\"wp-block-heading\"><strong>Brugertilpasset og komfortabel tr\u00e6ningsoverflade<\/strong><\/h3>\n\n\n\n<p><strong><em><strong><em>Personligt design med forbedret komfort og stil<\/em><\/strong><\/em><\/strong><\/p>\n\n\n\n<p style=\"margin-bottom:var(--wp--preset--spacing--tb-section-padding)\">Evolve Artificial Turf kombinerer funktionalitet med \u00e6stetik og tilbyder fulde tilpasningsmuligheder, herunder logoer, linjer og tal, for at skabe en tr\u00e6ningsoverflade, der er skr\u00e6ddersyet til dine behov. Med et 5 mm gummilag integreret i den samlede tykkelse p\u00e5 20 mm giver dette gr\u00e6s overlegen st\u00f8dd\u00e6mpning og en mere behagelig fodfornemmelse, hvilket reducerer tr\u00e6thed under intense tr\u00e6ningssessioner. Ud over ydeevnen g\u00f8r de smukke m\u00f8nstre gr\u00e6sset til et dekorativt midtpunkt, der forbedrer den visuelle appel i ethvert fitnesscenter eller personligt studie.  <\/p>\n<\/div>\n\n\n\n<div class=\"wp-block-column is-vertically-aligned-center is-layout-flow wp-block-column-is-layout-flow\">\n<figure class=\"wp-block-image size-full\"><img decoding=\"async\" src=\"https:\/\/evolve-fitness.eu\/wp-content\/uploads\/2024\/12\/turf.jpg\" alt=\"EV-AT-CS-20\" class=\"wp-image-171269\"\/><\/figure>\n<\/div>\n<\/div>\n<\/section>\n","protected":false},"excerpt":{"rendered":"<p>Forvandl dit fitnesscenter eller tr\u00e6ningsomr\u00e5de med Evolve Artificial Turf &#8211; den perfekte l\u00f8sning til at skabe en holdbar, funktionel og visuelt sl\u00e5ende tr\u00e6ningsoverflade. Dette f\u00f8rsteklasses gr\u00e6s er designet til at modst\u00e5 intens tr\u00e6ning og h\u00f8j trafik og giver fremragende greb, st\u00f8dd\u00e6mpning og alsidighed til en bred vifte af \u00f8velser. Uanset om du skal anl\u00e6gge en sprintbane, en k\u00e6lkebakke eller et fitnessomr\u00e5de til flere form\u00e5l, er Evolve Artificial Turf udviklet til at forbedre ydeevnen og \u00e6stetikken.<\/p>\n","protected":false},"featured_media":101813,"template":"","meta":{"_acf_changed":false,"inline_featured_image":false},"product_cat":[353,852,853],"product_tag":[],"class_list":{"0":"post-101788","1":"product","2":"type-product","3":"status-publish","4":"has-post-thumbnail","6":"product_cat-forside","7":"product_cat-platforme-og-gulvbelaegning","8":"product_cat-gulvbelaegning","10":"first","11":"outofstock","12":"shipping-taxable","13":"purchasable","14":"product-type-simple"},"acf":[],"_links":{"self":[{"href":"https:\/\/store.evolve-fitness.eu\/da\/wp-json\/wp\/v2\/product\/101788","targetHints":{"allow":["GET"]}}],"collection":[{"href":"https:\/\/store.evolve-fitness.eu\/da\/wp-json\/wp\/v2\/product"}],"about":[{"href":"https:\/\/store.evolve-fitness.eu\/da\/wp-json\/wp\/v2\/types\/product"}],"wp:featuredmedia":[{"embeddable":true,"href":"https:\/\/store.evolve-fitness.eu\/da\/wp-json\/wp\/v2\/media\/101813"}],"wp:attachment":[{"href":"https:\/\/store.evolve-fitness.eu\/da\/wp-json\/wp\/v2\/media?parent=101788"}],"wp:term":[{"taxonomy":"product_cat","embeddable":true,"href":"https:\/\/store.evolve-fitness.eu\/da\/wp-json\/wp\/v2\/product_cat?post=101788"},{"taxonomy":"product_tag","embeddable":true,"href":"https:\/\/store.evolve-fitness.eu\/da\/wp-json\/wp\/v2\/product_tag?post=101788"}],"curies":[{"name":"wp","href":"https:\/\/api.w.org\/{rel}","templated":true}]}}