{"id":101764,"date":"2024-12-13T12:59:40","date_gmt":"2024-12-13T12:59:40","guid":{"rendered":"https:\/\/store.evolve-fitness.eu\/?post_type=product&#038;p=101764"},"modified":"2026-03-13T12:01:43","modified_gmt":"2026-03-13T12:01:43","slug":"evolve-yoga-baelte","status":"publish","type":"product","link":"https:\/\/store.evolve-fitness.eu\/da\/vare\/evolve-yoga-baelte\/","title":{"rendered":"Evolve Yoga-b\u00e6lte"},"content":{"rendered":"\n<p><\/p>\n\n\n\n<p><\/p>\n","protected":false},"excerpt":{"rendered":"<p>Evolve Yoga Belt er et vigtigt tilbeh\u00f8r til at forbedre fleksibilitet, tilpasning og teknik. Dette holdbare og justerbare b\u00e6lte er designet til at st\u00f8tte yogier p\u00e5 alle niveauer og hj\u00e6lper dig med sikkert at uddybe str\u00e6k, holde udfordrende stillinger og forfine din kropsholdning. Uanset om du arbejder p\u00e5 at forbedre din fleksibilitet eller har brug for ekstra hj\u00e6lp til specifikke asanas, er Evolve Yoga Belt et p\u00e5lideligt og alsidigt v\u00e6rkt\u00f8j til at forbedre din praksis.    <\/p>\n<p>\n","protected":false},"featured_media":123650,"template":"","meta":{"_acf_changed":false,"inline_featured_image":false},"product_cat":[459],"product_tag":[],"class_list":{"0":"post-101764","1":"product","2":"type-product","3":"status-publish","4":"has-post-thumbnail","6":"product_cat-studio-da","8":"first","9":"instock","10":"shipping-taxable","11":"purchasable","12":"product-type-simple"},"acf":[],"_links":{"self":[{"href":"https:\/\/store.evolve-fitness.eu\/da\/wp-json\/wp\/v2\/product\/101764","targetHints":{"allow":["GET"]}}],"collection":[{"href":"https:\/\/store.evolve-fitness.eu\/da\/wp-json\/wp\/v2\/product"}],"about":[{"href":"https:\/\/store.evolve-fitness.eu\/da\/wp-json\/wp\/v2\/types\/product"}],"wp:featuredmedia":[{"embeddable":true,"href":"https:\/\/store.evolve-fitness.eu\/da\/wp-json\/wp\/v2\/media\/123650"}],"wp:attachment":[{"href":"https:\/\/store.evolve-fitness.eu\/da\/wp-json\/wp\/v2\/media?parent=101764"}],"wp:term":[{"taxonomy":"product_cat","embeddable":true,"href":"https:\/\/store.evolve-fitness.eu\/da\/wp-json\/wp\/v2\/product_cat?post=101764"},{"taxonomy":"product_tag","embeddable":true,"href":"https:\/\/store.evolve-fitness.eu\/da\/wp-json\/wp\/v2\/product_tag?post=101764"}],"curies":[{"name":"wp","href":"https:\/\/api.w.org\/{rel}","templated":true}]}}