{"id":101383,"date":"2024-12-13T11:40:24","date_gmt":"2024-12-13T11:40:24","guid":{"rendered":"https:\/\/store.evolve-fitness.eu\/?post_type=product&#038;p=101383"},"modified":"2026-04-03T12:00:50","modified_gmt":"2026-04-03T12:00:50","slug":"evolve-prime-series-neopren-gymnastikhandtagssaet","status":"publish","type":"product","link":"https:\/\/store.evolve-fitness.eu\/da\/vare\/evolve-prime-series-neopren-gymnastikhandtagssaet\/","title":{"rendered":"Evolve Prime Series neopren-gymnastikh\u00e5ndtagss\u00e6t"},"content":{"rendered":"\n<section class=\"wp-block-group alignfull black-content has-white-color has-darkgray-background-color has-text-color has-background is-layout-constrained wp-block-group-is-layout-constrained\" style=\"padding-top:var(--wp--preset--spacing--section-bottom);padding-bottom:var(--wp--preset--spacing--section-bottom)\">\n<div class=\"wp-block-columns alignwide mobile-reverse is-layout-flex wp-container-core-columns-is-layout-ca64bf2d wp-block-columns-is-layout-flex\" style=\"margin-bottom:var(--wp--preset--spacing--side-padding)\">\n<div class=\"wp-block-column is-vertically-aligned-center is-layout-flow wp-block-column-is-layout-flow\">\n<h3 class=\"wp-block-heading\" style=\"margin-bottom:var(--wp--preset--spacing--h-3-bottom)\">F\u00f8rsteklasses greb til kraftfulde resultater<\/h3>\n\n\n\n<p>Tag din tr\u00e6ning til det n\u00e6ste niveau med <strong>Evolve Prime Series Neopren Gym Handle Set<\/strong> &#8211; den ultimative blanding af funktion, komfort og holdbarhed. Uanset om du tr\u00e6ner med kabelmaskiner i fitnesscentret eller med modstandsb\u00e5nd derhjemme, giver disse h\u00e5ndtag dig den fordel, du har brug for. Den bl\u00f8de, men robuste neoprenbel\u00e6gning giver et skridsikkert greb selv under de mest svedige sessioner, hvilket minimerer belastningen af h\u00e6nderne og maksimerer ydeevnen.  <\/p>\n<\/div>\n\n\n\n<div class=\"wp-block-column is-vertically-aligned-center is-layout-flow wp-block-column-is-layout-flow\">\n<figure class=\"wp-block-video\"><video controls=\"\" src=\"https:\/\/evolve-fitness.eu\/wp-content\/uploads\/2024\/12\/VIDEO-EV-GH-PR-100-Evolve-Prime-Series-Neoprene-Gym-Handle-Set-2.mp4\"><\/video><\/figure>\n<\/div>\n<\/div>\n\n\n\n<div class=\"wp-block-columns is-layout-flex wp-container-core-columns-is-layout-9d6595d7 wp-block-columns-is-layout-flex\">\n<div class=\"wp-block-column is-layout-flow wp-block-column-is-layout-flow\">\n<div class=\"wp-block-columns is-layout-flex wp-container-core-columns-is-layout-9d6595d7 wp-block-columns-is-layout-flex\">\n<div class=\"wp-block-column is-layout-flow wp-block-column-is-layout-flow\">\n<figure class=\"wp-block-image size-large is-style-rounded\"><img decoding=\"async\" src=\"https:\/\/evolve-fitness.eu\/wp-content\/uploads\/2025\/03\/EV-GH-PR-100-Evolve-Prime-Series-Neoprene-Gym-Handle-Set-10-3-1024x683.jpg\" alt=\"\" class=\"wp-image-189545\"\/><\/figure>\n<\/div>\n\n\n\n<div class=\"wp-block-column is-layout-flow wp-block-column-is-layout-flow\">\n<h3 class=\"wp-block-heading\" style=\"margin-bottom:var(--wp--preset--spacing--h-3-bottom)\"><strong>Bygget til alle tr\u00e6ningsscenarier<\/strong><\/h3>\n\n\n\n<p>Dette h\u00e5ndtagss\u00e6t er kompatibelt med en lang r\u00e6kke fitnessudstyr og kan nemt s\u00e6ttes p\u00e5 kabelmaskiner, modstandsb\u00e5nd og trissesystemer. Det er den perfekte tilf\u00f8jelse til rows, curls, presses og flys. H\u00e5ndtagene er konstrueret med forst\u00e6rkede syninger og kraftige D-ringe og er bygget til at modst\u00e5 intens tr\u00e6ning, samtidig med at de giver en j\u00e6vn og ensartet bev\u00e6gelse.  <\/p>\n<\/div>\n<\/div>\n<\/div>\n<\/div>\n<\/section>\n","protected":false},"excerpt":{"rendered":"<p>Opgrader din tr\u00e6ning med Evolve Prime Series Neopren Gym Handle Set, det ultimative tilbeh\u00f8r til styrketr\u00e6ning og udholdenheds\u00f8velser. Disse neoprenh\u00e5ndtag af h\u00f8j kvalitet er designet med komfort og ydeevne for \u00f8je og giver et sikkert greb og reducerer tr\u00e6thed i h\u00e6nderne, s\u00e5 du kan fokusere p\u00e5 at n\u00e5 dine fitnessm\u00e5l. Dette holdbare h\u00e5ndtagss\u00e6t er perfekt til kabelmaskiner, modstandsb\u00e5nd eller hjemmegymnastik og sikrer maksimal alsidighed og holdbarhed til en bred vifte af \u00f8velser.<\/p>\n","protected":false},"featured_media":101735,"template":"","meta":{"_acf_changed":false,"inline_featured_image":false},"product_cat":[353,742],"product_tag":[],"class_list":{"0":"post-101383","1":"product","2":"type-product","3":"status-publish","4":"has-post-thumbnail","6":"product_cat-forside","7":"product_cat-tilbehor-da","9":"first","10":"instock","11":"shipping-taxable","12":"purchasable","13":"product-type-simple"},"acf":[],"_links":{"self":[{"href":"https:\/\/store.evolve-fitness.eu\/da\/wp-json\/wp\/v2\/product\/101383","targetHints":{"allow":["GET"]}}],"collection":[{"href":"https:\/\/store.evolve-fitness.eu\/da\/wp-json\/wp\/v2\/product"}],"about":[{"href":"https:\/\/store.evolve-fitness.eu\/da\/wp-json\/wp\/v2\/types\/product"}],"wp:featuredmedia":[{"embeddable":true,"href":"https:\/\/store.evolve-fitness.eu\/da\/wp-json\/wp\/v2\/media\/101735"}],"wp:attachment":[{"href":"https:\/\/store.evolve-fitness.eu\/da\/wp-json\/wp\/v2\/media?parent=101383"}],"wp:term":[{"taxonomy":"product_cat","embeddable":true,"href":"https:\/\/store.evolve-fitness.eu\/da\/wp-json\/wp\/v2\/product_cat?post=101383"},{"taxonomy":"product_tag","embeddable":true,"href":"https:\/\/store.evolve-fitness.eu\/da\/wp-json\/wp\/v2\/product_tag?post=101383"}],"curies":[{"name":"wp","href":"https:\/\/api.w.org\/{rel}","templated":true}]}}