{"id":100464,"date":"2024-12-13T07:10:55","date_gmt":"2024-12-13T07:10:55","guid":{"rendered":"https:\/\/store.evolve-fitness.eu\/?post_type=product&#038;p=100464"},"modified":"2026-03-13T12:01:41","modified_gmt":"2026-03-13T12:01:41","slug":"evolve-yoga-block-4","status":"publish","type":"product","link":"https:\/\/store.evolve-fitness.eu\/da\/vare\/evolve-yoga-block-4\/","title":{"rendered":"Evolve Yoga Block"},"content":{"rendered":"\n<p> <mark style=\"background-color:rgba(0, 0, 0, 0);color:#ffffff\" class=\"has-inline-color\">ASD<\/mark><\/p>\n\n<p><\/p>\n","protected":false},"excerpt":{"rendered":"<p>Forbedr din yogapraksis med Evolve Yoga Block, et must-have-tilbeh\u00f8r til yogier p\u00e5 alle niveauer. Denne lette, men holdbare blok er udformet med henblik p\u00e5 stabilitet og st\u00f8tte og hj\u00e6lper dig med at opn\u00e5 korrekt alignment, uddybe str\u00e6k og opbygge tillid til dine stillinger. Uanset om du perfektionerer en udfordrende fysisk stilling eller har brug for ekstra st\u00f8tte under genopbyggende stillinger, er Evolve Yoga Block dit p\u00e5lidelige v\u00e6rkt\u00f8j. Dens skridsikre overflade og robuste design sikrer komfort og sikkerhed.     <\/p>\n<p>\n","protected":false},"featured_media":100487,"template":"","meta":{"_acf_changed":false,"inline_featured_image":false},"product_cat":[459],"product_tag":[],"class_list":{"0":"post-100464","1":"product","2":"type-product","3":"status-publish","4":"has-post-thumbnail","6":"product_cat-studio-da","8":"first","9":"instock","10":"shipping-taxable","11":"purchasable","12":"product-type-simple"},"acf":[],"_links":{"self":[{"href":"https:\/\/store.evolve-fitness.eu\/da\/wp-json\/wp\/v2\/product\/100464","targetHints":{"allow":["GET"]}}],"collection":[{"href":"https:\/\/store.evolve-fitness.eu\/da\/wp-json\/wp\/v2\/product"}],"about":[{"href":"https:\/\/store.evolve-fitness.eu\/da\/wp-json\/wp\/v2\/types\/product"}],"wp:featuredmedia":[{"embeddable":true,"href":"https:\/\/store.evolve-fitness.eu\/da\/wp-json\/wp\/v2\/media\/100487"}],"wp:attachment":[{"href":"https:\/\/store.evolve-fitness.eu\/da\/wp-json\/wp\/v2\/media?parent=100464"}],"wp:term":[{"taxonomy":"product_cat","embeddable":true,"href":"https:\/\/store.evolve-fitness.eu\/da\/wp-json\/wp\/v2\/product_cat?post=100464"},{"taxonomy":"product_tag","embeddable":true,"href":"https:\/\/store.evolve-fitness.eu\/da\/wp-json\/wp\/v2\/product_tag?post=100464"}],"curies":[{"name":"wp","href":"https:\/\/api.w.org\/{rel}","templated":true}]}}