{"id":121761,"date":"2025-03-26T09:53:29","date_gmt":"2025-03-26T09:53:29","guid":{"rendered":"https:\/\/store.evolve-fitness.eu\/?post_type=product&#038;p=121761"},"modified":"2025-11-07T10:11:03","modified_gmt":"2025-11-07T10:11:03","slug":"%d8%a8%d9%84%d8%a7%d8%b7-%d8%a3%d8%b1%d8%b6%d9%8a%d8%a7%d8%aa-%d8%a5%d9%8a%d9%81%d9%88%d9%84%d9%81-100-x-100-%d8%b3%d9%85%d8%8c-10-30-%d9%85%d9%85","status":"publish","type":"product","link":"https:\/\/store.evolve-fitness.eu\/ar\/product\/%d8%a8%d9%84%d8%a7%d8%b7-%d8%a3%d8%b1%d8%b6%d9%8a%d8%a7%d8%aa-%d8%a5%d9%8a%d9%81%d9%88%d9%84%d9%81-100-x-100-%d8%b3%d9%85%d8%8c-10-30-%d9%85%d9%85\/","title":{"rendered":"\u0628\u0644\u0627\u0637 \u0623\u0631\u0636\u064a\u0627\u062a \u0625\u064a\u0641\u0648\u0644\u0641 100 \u00d7 100 \u0633\u0645\u060c 10 &#8211; 30 \u0645\u0645"},"content":{"rendered":"\n<p><\/p>\n\n<section class=\"wp-block-group alignfull has-lightgray-background-color has-background is-layout-constrained wp-block-group-is-layout-constrained\">\n<div class=\"wp-block-columns alignwide is-layout-flex wp-container-core-columns-is-layout-2edb0647 wp-block-columns-is-layout-flex\" style=\"margin-top:0;margin-bottom:0\">\n<div class=\"wp-block-column is-layout-flow wp-block-column-is-layout-flow\" style=\"flex-basis:33.33%\"><\/div>\n\n\n\n<div class=\"wp-block-column is-layout-flow wp-block-column-is-layout-flow\" style=\"flex-basis:66.66%\"><\/div>\n<\/div>\n<\/section>\n","protected":false},"excerpt":{"rendered":"<p>\u062a\u064f\u0639\u062f \u0623\u0631\u0636\u064a\u0627\u062a Evolve \u0627\u0644\u0645\u0637\u0627\u0637\u064a\u0629 \u062d\u0644\u0627\u064b \u0645\u062a\u064a\u0646\u0627\u064b \u0648\u0645\u062a\u0639\u062f\u062f \u0627\u0644\u0627\u0633\u062a\u062e\u062f\u0627\u0645\u0627\u062a \u0644\u0623\u0645\u0627\u0643\u0646 \u0627\u0644\u0635\u0627\u0644\u0629 \u0627\u0644\u0631\u064a\u0627\u0636\u064a\u0629 \u0648\u0627\u0644\u0644\u064a\u0627\u0642\u0629 \u0627\u0644\u0628\u062f\u0646\u064a\u0629. \u0648\u0628\u0641\u0636\u0644 \u062e\u064a\u0627\u0631\u0627\u062a \u0627\u0644\u0633\u0645\u0627\u0643\u0629 \u0627\u0644\u0645\u062a\u0646\u0648\u0639\u0629\u060c \u062a\u0648\u0641\u0631 \u0647\u0630\u0647 \u0627\u0644\u0623\u0631\u0636\u064a\u0627\u062a \u062d\u0645\u0627\u064a\u0629 \u0648\u0631\u0627\u062d\u0629 \u0645\u0645\u062a\u0627\u0632\u0629\u060c \u0645\u0645\u0627 \u064a\u062c\u0639\u0644\u0647\u0627 \u0645\u062b\u0627\u0644\u064a\u0629 \u0644\u0644\u0627\u0633\u062a\u062e\u062f\u0627\u0645 \u0627\u0644\u0634\u0627\u0642. \u064a\u0636\u0645\u0646 \u0644\u0643 \u062a\u0635\u0645\u064a\u0645 PUZZZLE \u0627\u0644\u0645\u062a\u0634\u0627\u0628\u0643 \u0633\u0647\u0648\u0644\u0629 \u0627\u0644\u062a\u0631\u0643\u064a\u0628\u060c \u0628\u064a\u0646\u0645\u0627 \u064a\u0648\u0641\u0631 \u0627\u0644\u0628\u0644\u0627\u0637 \u0627\u0644\u0645\u0631\u0628\u0639 \u0627\u0644\u0628\u0633\u064a\u0637 \u062e\u064a\u0627\u0631\u0627\u064b \u0645\u0628\u0627\u0634\u0631\u0627\u064b \u0644\u0644\u0645\u0633\u0627\u062d\u0627\u062a \u0627\u0644\u0643\u0628\u064a\u0631\u0629. \u062a\u0636\u0645\u0646 \u0627\u0644\u0645\u0648\u0627\u062f \u0627\u0644\u0645\u0637\u0627\u0637\u064a\u0629 \u0639\u0627\u0644\u064a\u0629 \u0627\u0644\u0643\u062b\u0627\u0641\u0629 \u0623\u062f\u0627\u0621\u064b \u0637\u0648\u064a\u0644 \u0627\u0644\u0623\u0645\u062f \u0648\u0645\u0642\u0627\u0648\u0645\u0629 \u0644\u0644\u0635\u062f\u0645\u0627\u062a \u0648\u062a\u0642\u0644\u064a\u0644 \u0627\u0644\u0636\u0648\u0636\u0627\u0621\u060c \u0645\u0645\u0627 \u064a\u062c\u0639\u0644\u0647\u0627 \u0645\u062b\u0627\u0644\u064a\u0629 \u0644\u0643\u0644 \u0645\u0646 \u0627\u0644\u0635\u0627\u0644\u0627\u062a \u0627\u0644\u0631\u064a\u0627\u0636\u064a\u0629 \u0627\u0644\u0645\u0646\u0632\u0644\u064a\u0629 \u0648\u0627\u0644\u062a\u062c\u0627\u0631\u064a\u0629.\u0628\u0644\u0627\u0637 \u0627\u0644\u0623\u0631\u0636\u064a\u0627\u062a \u0627\u0644\u062f\u0627\u062e\u0644\u064a\u0629 Evolve Indoor Floor Tiles 100 \u00d7 100 \u00d7 10 \u00d7 10 &#8211; 30 \u0645\u0644\u0645. \u0627\u0644\u0633\u0645\u0627\u0643\u0629: 10 \u0645\u0644\u0645 \/ 15 \u0645\u0644\u0645 \/ 20 \u0645\u0644\u0645 \/ 25 \u0645\u0644\u0645 \/ 30 \u0645\u0644\u0645.     \u0627\u0644\u0643\u062b\u0627\u0641\u0629 1000 \u0643\u062c\u0645\/\u06453.<\/p>\n","protected":false},"featured_media":84804,"template":"","meta":{"_acf_changed":false,"inline_featured_image":false},"product_cat":[827,828],"product_tag":[],"class_list":{"0":"post-121761","1":"product","2":"type-product","3":"status-publish","4":"has-post-thumbnail","6":"product_cat-827","7":"product_cat-828","9":"first","10":"outofstock","11":"shipping-taxable","12":"purchasable","13":"product-type-variable"},"acf":[],"_links":{"self":[{"href":"https:\/\/store.evolve-fitness.eu\/ar\/wp-json\/wp\/v2\/product\/121761","targetHints":{"allow":["GET"]}}],"collection":[{"href":"https:\/\/store.evolve-fitness.eu\/ar\/wp-json\/wp\/v2\/product"}],"about":[{"href":"https:\/\/store.evolve-fitness.eu\/ar\/wp-json\/wp\/v2\/types\/product"}],"wp:featuredmedia":[{"embeddable":true,"href":"https:\/\/store.evolve-fitness.eu\/ar\/wp-json\/wp\/v2\/media\/84804"}],"wp:attachment":[{"href":"https:\/\/store.evolve-fitness.eu\/ar\/wp-json\/wp\/v2\/media?parent=121761"}],"wp:term":[{"taxonomy":"product_cat","embeddable":true,"href":"https:\/\/store.evolve-fitness.eu\/ar\/wp-json\/wp\/v2\/product_cat?post=121761"},{"taxonomy":"product_tag","embeddable":true,"href":"https:\/\/store.evolve-fitness.eu\/ar\/wp-json\/wp\/v2\/product_tag?post=121761"}],"curies":[{"name":"wp","href":"https:\/\/api.w.org\/{rel}","templated":true}]}}